{"id":18,"date":"2022-05-09T09:36:21","date_gmt":"2022-05-09T09:36:21","guid":{"rendered":"https:\/\/wp.sensorscloud.co\/?page_id=18"},"modified":"2022-08-09T09:30:35","modified_gmt":"2022-08-09T09:30:35","slug":"sensorscloud","status":"publish","type":"page","link":"https:\/\/wp.sensorscloud.co\/pl\/","title":{"rendered":""},"content":{"rendered":"\n<pre class=\"wp-block-code\"><code><pre class=\"wp-block-code\"><code><pre class=\"wp-block-code\"><code><pre class=\"wp-block-code\"><code>\n\n<section class=\"section home\">\n    <div class=\"container\">\n<div class=\"home__wrapper\">\n        <div class=\"home__items\">\n            <div class=\"home__item\">\n<img decoding=\"async\" class=\"wp-image-566\" style=\"width: 680px;\" src=\"https:\/\/wp.sensorscloud.co\/wp-content\/uploads\/2022\/05\/isometric-Sclo.png\" alt=\"ilustrator-en\">\n            <\/div>\n            <div class=\"home__item\">\n                <div class=\"home__content\">\n                    <h1>SensorsCloud\n<\/h1>\n                    <h2>System w chmurze do gromadzenia, przechowywania, przetwarzania i wy\u015bwietlania danych do zdalnego monitorowania temperatury i wilgotno\u015bci.\n                    <\/h2>\n                <\/div>\n            <\/div>\n        <\/div>\n    <\/div>\n<\/div>\n<\/section>\n<section class=\"benefits\">\n    <div class=\"container\">\n        <div class=\"benefits__items\">\n            <div class=\"benefits__item\">\n                <div class=\"benefits__item-img\">\n                    <img loading=\"lazy\" decoding=\"async\" width=\"427\" height=\"246\" onerror=\"https:\/\/wp.sensorscloud.co\/wp-content\/uploads\/2022\/05\/benefits-browser-1.png\" class=\"wp-image-392\" src=\"https:\/\/wp.sensorscloud.co\/wp-content\/uploads\/2022\/05\/benefits-browser.webp\" alt=\"benefits-browser\" srcset=\"https:\/\/wp.sensorscloud.co\/wp-content\/uploads\/2022\/05\/benefits-browser.webp 427w, https:\/\/wp.sensorscloud.co\/wp-content\/uploads\/2022\/05\/benefits-browser-300x173.webp 300w\" sizes=\"auto, (max-width: 427px) 100vw, 427px\" \/>\n                <\/div>\n                <p class=\"benefits__item-text\">\n                    Nie wymaga dodatkowego oprogramowania. Wszystko czego potrzebujesz to przegl\u0105darka internetowa\n                <\/p>\n            <\/div>\n            <div class=\"benefits__item\">\n                <div class=\"benefits__item-img\">\n                    <img decoding=\"async\" onerror=\"https:\/\/wp.sensorscloud.co\/wp-content\/uploads\/2022\/05\/benefits-plug-1.png\" src=\"https:\/\/wp.sensorscloud.co\/wp-content\/uploads\/2022\/05\/benefits-plug.webp\" alt=\"plug\">\n                <\/div>\n                <p class=\"benefits__item-text\">\n                    \u0141atwe pod\u0142\u0105czanie urz\u0105dze\u0144 na zasadzie plug and play. Pe\u0142na kontrola nad systemem przez Klienta\n                <\/p>\n            <\/div>\n            <div class=\"benefits__item\">\n                <div class=\"benefits__item-img\">\n                    <img decoding=\"async\" onerror=\"https:\/\/wp.sensorscloud.co\/wp-content\/uploads\/2022\/05\/benefits-signal-1.png\" src=\"https:\/\/wp.sensorscloud.co\/wp-content\/uploads\/2022\/05\/benefits-signal.webp\" alt=\"plug\">\n                <\/div>\n                <p class=\"benefits__item-text\">\n                    Stabilna praca w warunkach niestabilnej komunikacji, w tym na poruszaj\u0105cych si\u0119 samochodach <\/p>\n            <\/div>\n        <\/div>\n    <\/div>\n<\/section>\n<section id=\"application\" class=\"application\">\n    <div class=\"container\">\n        <div class=\"application__wrapper\">\n            <h1 class=\"application__title\">Zastosowanie<\/h1>\n            <div class=\"application__content\">\n                <div class=\"application__items\">\n                    <div class=\"application__item\">\n                        <div class=\"application__item-img\">\n                            <img decoding=\"async\" src=\"https:\/\/wp.sensorscloud.co\/wp-content\/uploads\/2022\/05\/application-1.png\" alt=\"icon\">\n\n                        <\/div>\n                        <p class=\"application__item-text\">Przetw\u00f3rstwo i przechowywanie \u017cywno\u015bci<\/p>\n                    <\/div>\n                    <div class=\"application__item\">\n                        <div class=\"application__item-img\">\n                            <img decoding=\"async\" src=\"https:\/\/wp.sensorscloud.co\/wp-content\/uploads\/2022\/05\/application-2.png\" alt=\"icon\">\n                        <\/div>\n                        <p class=\"application__item-text\">Organizacja \u0142a\u0144cucha ch\u0142odniczego<\/p>\n                    <\/div>\n                    <div class=\"application__item\">\n                        <div class=\"application__item-img\">\n                            <img decoding=\"async\" src=\"https:\/\/wp.sensorscloud.co\/wp-content\/uploads\/2022\/05\/application-3.png\" alt=\"icon\">\n                        <\/div>\n                        <p class=\"application__item-text\">Obudowa, ogrzewanie, wentylacja, klimatyzacja<\/p>\n                    <\/div>\n                <\/div>\n                <div class=\"application__items\">\n                    <div class=\"application__item\">\n                        <div class=\"application__item-img\">\n                            <img decoding=\"async\" src=\"https:\/\/wp.sensorscloud.co\/wp-content\/uploads\/2022\/05\/application-4.png\" alt=\"icon\">\n                        <\/div>\n                        <p class=\"application__item-text\">Farmacja i opieka zdrowotna<\/p>\n                    <\/div>\n                    <div class=\"application__item\">\n                        <div class=\"application__item-img\">\n                            <img decoding=\"async\" src=\"https:\/\/wp.sensorscloud.co\/wp-content\/uploads\/2022\/05\/application-5.png\" alt=\"icon\">\n                        <\/div>\n                        <p class=\"application__item-text\">Przemys\u0142, muzea, archiwa<\/p>\n                    <\/div>\n                    <div class=\"application__item\">\n                        <div class=\"application__item-img\">\n                            <img decoding=\"async\" src=\"https:\/\/wp.sensorscloud.co\/wp-content\/uploads\/2022\/05\/application-6.png\" alt=\"icon\">\n                        <\/div>\n                        <p class=\"application__item-text\">Rolnictwo i hodowla zwierz\u0105t<\/p>\n                    <\/div>\n                <\/div>\n            <\/div>\n        <\/div>\n    <\/div>\n<\/section>\n<section id=\"functional\" class=\"functional\">\n    <div class=\"container\">\n        <h1 class=\"functional__title\">Funkcjona\u0142<\/h1>\n        <div class=\"functional__contents\">\n\n\n            <div class=\"functional__items\">\n                <div class=\"functional__item color-1 left\">\n                    <ul class=\"functional__item-content\">\n                        <li class=\"functional__item-text\">Przyznaj dost\u0119p do urz\u0105dzenia wielu u\u017cytkownikom\n                        <\/li>\n                        <li class=\"functional__item-text\">Elastyczny mechanizm zarz\u0105dzania uprawnieniami dla u\u017cytkownik\u00f3w urz\u0105dzenia\n                        <\/li>\n                        <li class=\"functional__item-text\">Wy\u015bwietlaj status wszystkich urz\u0105dze\u0144 na jednej stronie\n                        <\/li>\n                    <\/ul>\n                    <div class=\"functional__item-img\">\n                        <img decoding=\"async\" onerror=\"https:\/\/wp.sensorscloud.co\/wp-content\/uploads\/2022\/05\/functional-1.png\" src=\"https:\/\/wp.sensorscloud.co\/wp-content\/uploads\/2022\/05\/functional-1.webp\" alt=\"functional-1\">\n                    <\/div>\n                <\/div>\n                <div class=\"block\">\n                <\/div>\n            <\/div>\n\n            <div class=\"functional__items\">\n                <div class=\"block\"><\/div>\n                <div class=\"functional__item color-2 right\">\n\n                    <ul class=\"functional__item-content\">\n                        <li class=\"functional__item-text\">Wy\u015bwietlanie edytowalnych zmiennych na grafice i grupach w czasie rzeczywistym\n                        <\/li>\n                        <li class=\"functional__item-text\">Archiwizacja warto\u015bci zmiennych. Mo\u017cliwo\u015b\u0107 wy\u015bwietlania danych archiwalnych przez dowolny okres czasu\n                        <\/li>\n                        <li class=\"functional__item-text\">Mo\u017cliwo\u015b\u0107 wy\u015bwietlania na wykresie wypadk\u00f3w, zdarze\u0144 statusowych i przej\u015b\u0107 danych\n                        <\/li>\n                    <\/ul>\n\n                    <div class=\"functional__item-img\">\n                        <img decoding=\"async\" onerror=\"https:\/\/wp.sensorscloud.co\/wp-content\/uploads\/2022\/05\/functional-2.png\" src=\"https:\/\/wp.sensorscloud.co\/wp-content\/uploads\/2022\/05\/functional-2.webp\" alt=\"functional-2\">\n                    <\/div>\n                <\/div>\n            <\/div>\n\n\n            <div class=\"functional__items\">\n                <div class=\"functional__item color-3 left\">\n\n                    <ul class=\"functional__item-content\">\n                        <li class=\"functional__item-text\">Wy\u015bwietlaj dane o grupach w czasie rzeczywistym z minimalnym op\u00f3\u017anieniem\n                        <\/li>\n                        <li class=\"functional__item-text\">Mo\u017cliwo\u015b\u0107 tworzenia wirtualnych grup z dowolnym zestawem zmiennych z r\u00f3\u017cnych urz\u0105dze\u0144\n                        <\/li>\n                        <li class=\"functional__item-text\">Kolorystyka grup i zmiennych<\/li>\n                        <li class=\"functional__item-text\">Sygnalizacja wizualna i d\u017awi\u0119kowa wypadk\u00f3w i ostrze\u017ce\u0144\n                        <\/li>\n                        <li class=\"functional__item-text\">Wysy\u0142anie komunikat\u00f3w o wypadkach i ostrze\u017ceniach na e-mail i komunikatory internetowe\n                        <\/li>\n                    <\/ul>\n\n                    <div class=\"functional__item-img\">\n                        <img decoding=\"async\" onerror=\"https:\/\/wp.sensorscloud.co\/wp-content\/uploads\/2022\/05\/functional-3.png\" src=\"https:\/\/wp.sensorscloud.co\/wp-content\/uploads\/2022\/05\/functional-3.webp\" alt=\"functional-3\">\n                    <\/div>\n                <\/div>\n                <div class=\"block\">\n                <\/div>\n            <\/div>\n\n\n            <div class=\"functional__items\">\n                <div class=\"block\"><\/div>\n                <div class=\"functional__item color-4 right\">\n\n                    <ul class=\"functional__item-content\">\n                        <li class=\"functional__item-text\">Geomapa lokalizacji urz\u0105dze\u0144 ze wskazaniem ich stanu w czasie rzeczywistym\n                        <\/li>\n                        <li class=\"functional__item-text\">\u015aledzenie pozycji obiektu w czasie rzeczywistym (dla zadania transportowego)\n                        <\/li>\n                        <li class=\"functional__item-text\">Budowa tor\u00f3w GPS wypraw (do zadania transportowego)\n                        <\/li>\n                    <\/ul>\n\n                    <div class=\"functional__item-img\">\n                        <img decoding=\"async\" onerror=\"https:\/\/wp.sensorscloud.co\/wp-content\/uploads\/2022\/05\/functional-4.png\" src=\"https:\/\/wp.sensorscloud.co\/wp-content\/uploads\/2022\/05\/functional-4.webp\" alt=\"functional-4\">\n                    <\/div>\n                <\/div>\n            <\/div>\n\n\n            <div class=\"functional__items\">\n                <div class=\"functional__item color-5 left\">\n\n                    <ul class=\"functional__item-content\">\n                        <li class=\"functional__item-text\">Dwa rodzaje konstruktora do konstruowania zdarze\u0144 logicznych\n                        <\/li>\n                        <li class=\"functional__item-text\">Tworzenie raport\u00f3w powypadkowych dla statusu i zdarze\u0144 logicznych\n                        <\/li>\n                        <li class=\"functional__item-text\">Mo\u017cliwo\u015b\u0107 zarz\u0105dzania op\u00f3\u017anieniami dla zdarze\u0144 statusowych i logicznych (anti-scrambling)\n                        <\/li>\n                    <\/ul>\n\n                    <div class=\"functional__item-img\">\n                        <img decoding=\"async\" onerror=\"https:\/\/wp.sensorscloud.co\/wp-content\/uploads\/2022\/05\/functional-5.png\" src=\"https:\/\/wp.sensorscloud.co\/wp-content\/uploads\/2022\/05\/functional-5.webp\" alt=\"functional-5\">\n                    <\/div>\n                <\/div>\n                <div class=\"block\">\n                <\/div>\n            <\/div>\n\n            <div class=\"functional__items\">\n                <div class=\"block\"><\/div>\n                <div class=\"functional__item color-6 right\">\n\n                    <ul class=\"functional__item-content\">\n                        <li class=\"functional__item-text\">Mo\u017cliwo\u015b\u0107 automatycznego drukowania raport\u00f3w po\u015brednich podczas wyprawy\n                        <\/li>\n                        <li class=\"functional__item-text\">Oddzielna panel do zarz\u0105dzania ekspedycjami<\/li>\n                        <li class=\"functional__item-text\">Oddzielna panel do \u015bledzenia stanu samochod\u00f3w podczas wyprawy\n                        <\/li>\n                    <\/ul>\n\n                    <div class=\"functional__item-img\">\n                        <img decoding=\"async\" onerror=\"https:\/\/wp.sensorscloud.co\/wp-content\/uploads\/2022\/05\/functional-6.png\" src=\"https:\/\/wp.sensorscloud.co\/wp-content\/uploads\/2022\/05\/functional-6.webp\" alt=\"functional-6\">\n                    <\/div>\n                <\/div>\n            <\/div>\n\n            <div class=\"functional__items\">\n                <div class=\"functional__item color-7 left\">\n\n                    <ul class=\"functional__item-content\">\n                        <li class=\"functional__item-text\">Rejestrowanie zdarze\u0144 logicznych i statusowych<\/li>\n                        <li class=\"functional__item-text\">Rejestrowanie aktywno\u015bci u\u017cytkownika<\/li>\n                        <li class=\"functional__item-text\">Prowadzenie dziennika systemowego<\/li>\n                    <\/ul>\n\n                    <div class=\"functional__item-img\">\n                        <img decoding=\"async\" onerror=\"https:\/\/wp.sensorscloud.co\/wp-content\/uploads\/2022\/05\/functional-7.png\" src=\"https:\/\/wp.sensorscloud.co\/wp-content\/uploads\/2022\/05\/functional-7.webp\" alt=\"functional-7\">\n                    <\/div>\n                <\/div>\n                <div class=\"block\">\n                <\/div>\n            <\/div>\n\n\n            <div class=\"functional__items\">\n                <div class=\"block\"><\/div>\n                <div class=\"functional__item color-8 right\">\n\n                    <ul class=\"functional__item-content\">\n                        <li class=\"functional__item-text\">Mo\u017cliwo\u015b\u0107 tworzenia szablon\u00f3w raport\u00f3w za pomoc\u0105 kreatora raport\u00f3w\n                        <\/li>\n                        <li class=\"functional__item-text\">Automatyczny (zaplanowany) i r\u0119czny tryb raportowania\n                        <\/li>\n                        <li class=\"functional__item-text\">Wysy\u0142anie raport\u00f3w e-mailem i wysy\u0142anie przez komunikatory internetowe\n                        <\/li>\n                        <li class=\"functional__item-text\">Mo\u017cliwo\u015b\u0107 podpisywania raport\u00f3w elektronicznym podpisem cyfrowym\n                        <\/li>\n                    <\/ul>\n\n                    <div class=\"functional__item-img\">\n                        <img decoding=\"async\" onerror=\"https:\/\/wp.sensorscloud.co\/wp-content\/uploads\/2022\/05\/functional-8.png\" src=\"https:\/\/wp.sensorscloud.co\/wp-content\/uploads\/2022\/05\/functional-8.webp\" alt=\"functional-8\">\n                    <\/div>\n                <\/div>\n            <\/div>\n\n            <div class=\"functional__items\">\n                <div class=\"functional__item color-9 left\">\n\n                    <ul class=\"functional__item-content\">\n                        <li class=\"functional__item-text\">Mo\u017cliwo\u015b\u0107 wykorzystania smartfona jako rejestratora\n                        <\/li>\n                        <li class=\"functional__item-text\">Mo\u017cliwo\u015b\u0107 integracji urz\u0105dzenia innej firmy za po\u015brednictwem REST API, MQTT itp\n                        <\/li>\n                    <\/ul>\n\n                    <div class=\"functional__item-img\">\n                        <img decoding=\"async\" onerror=\"https:\/\/wp.sensorscloud.co\/wp-content\/uploads\/2022\/05\/functional-9.png\" src=\"https:\/\/wp.sensorscloud.co\/wp-content\/uploads\/2022\/05\/functional-9.webp\" alt=\"functional-9\">\n                    <\/div>\n                <\/div>\n                <div class=\"block\">\n                <\/div>\n            <\/div>\n\n\n        <\/div>\n    <\/div>\n<\/section>\n<section id=\"technical\" class=\"technical\">\n    <div class=\"container\">\n        <h1 class=\"technical__title\">W\u0142a\u015bciwo\u015bci techniczne<\/h1>\n\n        <div class=\"technical__items\">\n            <div class=\"technical__item\">\n                <div class=\"technical__item-img\">\n\n                    <img decoding=\"async\" onerror=\"https:\/\/wp.sensorscloud.co\/wp-content\/uploads\/2022\/05\/tech-1.png\" src=\"https:\/\/wp.sensorscloud.co\/wp-content\/uploads\/2022\/05\/tech-1.webp\" alt=\"tech-1\">\n\n\n                <\/div>\n                <p class=\"technical__item-text\">\n                    System zbudowany jest w architekturze klient-serwer z wykorzystaniem programu JS jako klienta, co pozwala na zmniejszenie obci\u0105\u017cenia serwera i zwi\u0119kszenie niezawodno\u015bci systemu.\n                                    <\/p>\n            <\/div>\n\n            <div class=\"technical__item\">\n                <div class=\"technical__item-img\">\n\n                    <img decoding=\"async\" onerror=\"https:\/\/wp.sensorscloud.co\/wp-content\/uploads\/2022\/05\/tech-2.png\" src=\"https:\/\/wp.sensorscloud.co\/wp-content\/uploads\/2022\/05\/tech-2.webp\" alt=\"tech-2\">\n\n\n                <\/div>\n                <p class=\"technical__item-text\">\n                    Architektura Sensorscloud umo\u017cliwia skalowanie w poziomie. Pozwala to na wykorzystanie Sensorscloud do rozwi\u0105zywania problem\u00f3w z du\u017c\u0105 liczb\u0105 \u017ar\u00f3de\u0142 danych.<\/p>\n            <\/div>\n\n            <div class=\"technical__item\">\n                <div class=\"technical__item-img\">\n\n                    <img decoding=\"async\" onerror=\"https:\/\/wp.sensorscloud.co\/wp-content\/uploads\/2022\/05\/tech-3.png\" src=\"https:\/\/wp.sensorscloud.co\/wp-content\/uploads\/2022\/05\/tech-3.webp\" alt=\"tech-3\">\n\n\n                <\/div>\n                <p class=\"technical__item-text\">\n                    Zbieranie danych, raportowanie i interakcja z programami klienckimi mog\u0105 by\u0107 roz\u0142o\u017cone na r\u00f3\u017cnych serwerach fizycznych. To znacznie zwi\u0119ksza og\u00f3ln\u0105 niezawodno\u015b\u0107 systemu.<\/p>\n            <\/div>\n\n            <div class=\"technical__item\">\n                <div class=\"technical__item-img\">\n\n                    <img decoding=\"async\" onerror=\"https:\/\/wp.sensorscloud.co\/wp-content\/uploads\/2022\/05\/tech-4.png\" src=\"https:\/\/wp.sensorscloud.co\/wp-content\/uploads\/2022\/05\/tech-4.webp\" alt=\"tech-4\">\n\n\n                <\/div>\n                <p class=\"technical__item-text\">\n                    System posiada wirtualne koordynatory, do kt\u00f3rych mo\u017cna w \u0142atwy spos\u00f3b pod\u0142\u0105czy\u0107 dowolne urz\u0105dzenia r\u00f3\u017cnych producent\u00f3w, korzystaj\u0105c z dowolnych protoko\u0142\u00f3w transportowych i protoko\u0142\u00f3w wymiany danych.<\/p>\n            <\/div>\n\n            <div class=\"technical__item\">\n                <div class=\"technical__item-img\">\n\n                    <img decoding=\"async\" onerror=\"https:\/\/wp.sensorscloud.co\/wp-content\/uploads\/2022\/05\/tech-5.png\" src=\"https:\/\/wp.sensorscloud.co\/wp-content\/uploads\/2022\/05\/tech-5.webp\" alt=\"tech-5\">\n\n\n                <\/div>\n                <p class=\"technical__item-text\">\n                    Aplikacja serwerowa, bazy danych, rejestratory wirtualne pracuj\u0105 w kontenerach dockerowych. Pozwala to na szybkie skalowanie systemu i korzystanie z CI\/CD.<\/p>\n            <\/div>\n        <\/div>\n    <\/div>\n<\/section>\n\n<\/code><\/pre><\/code><\/pre><\/code><\/pre><\/code><\/pre>\n","protected":false},"excerpt":{"rendered":"","protected":false},"author":3,"featured_media":0,"parent":0,"menu_order":0,"comment_status":"closed","ping_status":"closed","template":"main.php","meta":{"_seopress_robots_primary_cat":"","footnotes":""},"folder":[],"class_list":["post-18","page","type-page","status-publish","hentry"],"acf":[],"_links":{"self":[{"href":"https:\/\/wp.sensorscloud.co\/pl\/wp-json\/wp\/v2\/pages\/18","targetHints":{"allow":["GET"]}}],"collection":[{"href":"https:\/\/wp.sensorscloud.co\/pl\/wp-json\/wp\/v2\/pages"}],"about":[{"href":"https:\/\/wp.sensorscloud.co\/pl\/wp-json\/wp\/v2\/types\/page"}],"author":[{"embeddable":true,"href":"https:\/\/wp.sensorscloud.co\/pl\/wp-json\/wp\/v2\/users\/3"}],"replies":[{"embeddable":true,"href":"https:\/\/wp.sensorscloud.co\/pl\/wp-json\/wp\/v2\/comments?post=18"}],"version-history":[{"count":75,"href":"https:\/\/wp.sensorscloud.co\/pl\/wp-json\/wp\/v2\/pages\/18\/revisions"}],"predecessor-version":[{"id":1323,"href":"https:\/\/wp.sensorscloud.co\/pl\/wp-json\/wp\/v2\/pages\/18\/revisions\/1323"}],"wp:attachment":[{"href":"https:\/\/wp.sensorscloud.co\/pl\/wp-json\/wp\/v2\/media?parent=18"}],"wp:term":[{"taxonomy":"folder","embeddable":true,"href":"https:\/\/wp.sensorscloud.co\/pl\/wp-json\/wp\/v2\/folder?post=18"}],"curies":[{"name":"wp","href":"https:\/\/api.w.org\/{rel}","templated":true}]}}