{"id":378,"date":"2022-05-12T08:01:18","date_gmt":"2022-05-12T08:01:18","guid":{"rendered":"https:\/\/wp.sensorscloud.co\/?page_id=378"},"modified":"2022-07-04T07:05:44","modified_gmt":"2022-07-04T07:05:44","slug":"contacts","status":"publish","type":"page","link":"https:\/\/wp.sensorscloud.co\/pl\/contacts\/","title":{"rendered":"Kontakty"},"content":{"rendered":"\n<h3 class=\"wp-block-heading\">Pozosta\u0144 z nami w kontakcie. Napisz do nas i daj nam zna\u0107, jak mo\u017cemy Ci pom\u00f3c.<\/h3>\n\n\n\n<h2 class=\"wp-block-heading\">Napisz do nas<\/h2>\n\n\n\n<p>Ch\u0119tnie odpowiemy na wszystkie Twoje pytania i pomo\u017cemy we wszystkich aspektach naszych rozwi\u0105za\u0144.<\/p>\n\n\n\n<ul>\n<li>Jak wykorzysta\u0107 Sensorscloud w swoim biznesie?<\/li>\n<li>Ile kosztuje Sensorscloud?<\/li>\n<li>Pod\u0142\u0105cz Sensorscloud do swojego sprz\u0119tu, zintegruj Sensorscloud ze swoim systemem<\/li>\n<li>Wsp\u00f3\u0142praca z producentami sprz\u0119tu<\/li>\n<li>Wsp\u00f3\u0142praca z integratorami<\/li>\n<li>Partnerstwo i inwestycje<\/li>\n<\/ul>\n\n\n\n<p>Zadzwo\u0144 do nas:<\/p>\n\n\n\n<p>Wy\u015blij nam email:<\/p>\n","protected":false},"excerpt":{"rendered":"<p>Pozosta\u0144 z nami w kontakcie. Napisz do nas i daj nam zna\u0107, jak mo\u017cemy Ci pom\u00f3c. Napisz do nas Ch\u0119tnie odpowiemy na wszystkie Twoje pytania i pomo\u017cemy we wszystkich aspektach naszych rozwi\u0105za\u0144. Jak wykorzysta\u0107 Sensorscloud w swoim biznesie? Ile kosztuje Sensorscloud? Pod\u0142\u0105cz Sensorscloud do swojego sprz\u0119tu, zintegruj Sensorscloud ze swoim systemem Wsp\u00f3\u0142praca z producentami sprz\u0119tu [&hellip;]<\/p>\n","protected":false},"author":2,"featured_media":0,"parent":0,"menu_order":0,"comment_status":"closed","ping_status":"closed","template":"contact.php","meta":{"_seopress_robots_primary_cat":"","footnotes":""},"folder":[],"class_list":["post-378","page","type-page","status-publish","hentry"],"acf":[],"_links":{"self":[{"href":"https:\/\/wp.sensorscloud.co\/pl\/wp-json\/wp\/v2\/pages\/378","targetHints":{"allow":["GET"]}}],"collection":[{"href":"https:\/\/wp.sensorscloud.co\/pl\/wp-json\/wp\/v2\/pages"}],"about":[{"href":"https:\/\/wp.sensorscloud.co\/pl\/wp-json\/wp\/v2\/types\/page"}],"author":[{"embeddable":true,"href":"https:\/\/wp.sensorscloud.co\/pl\/wp-json\/wp\/v2\/users\/2"}],"replies":[{"embeddable":true,"href":"https:\/\/wp.sensorscloud.co\/pl\/wp-json\/wp\/v2\/comments?post=378"}],"version-history":[{"count":27,"href":"https:\/\/wp.sensorscloud.co\/pl\/wp-json\/wp\/v2\/pages\/378\/revisions"}],"predecessor-version":[{"id":897,"href":"https:\/\/wp.sensorscloud.co\/pl\/wp-json\/wp\/v2\/pages\/378\/revisions\/897"}],"wp:attachment":[{"href":"https:\/\/wp.sensorscloud.co\/pl\/wp-json\/wp\/v2\/media?parent=378"}],"wp:term":[{"taxonomy":"folder","embeddable":true,"href":"https:\/\/wp.sensorscloud.co\/pl\/wp-json\/wp\/v2\/folder?post=378"}],"curies":[{"name":"wp","href":"https:\/\/api.w.org\/{rel}","templated":true}]}}